{"id":73,"date":"2024-06-10T14:19:04","date_gmt":"2024-06-10T12:19:04","guid":{"rendered":"https:\/\/wambeti.com\/?page_id=73"},"modified":"2024-06-16T16:51:01","modified_gmt":"2024-06-16T14:51:01","slug":"biographie","status":"publish","type":"page","link":"https:\/\/wambeti.com\/index.php\/biographie\/","title":{"rendered":"Biography"},"content":{"rendered":"\n<div class=\"wp-block-group alignfull has-global-padding is-layout-constrained wp-container-core-group-is-layout-2b810489 wp-block-group-is-layout-constrained\" style=\"padding-top:3rem\">\n<div class=\"wp-block-group has-global-padding is-layout-constrained wp-container-core-group-is-layout-d51288b8 wp-block-group-is-layout-constrained\">\n<h3 class=\"wp-block-heading has-text-align-center has-text-color\" style=\"color:#1f1f1f;margin-bottom:0rem;font-size:clamp(2.375rem, 2.375rem + ((1vw - 0.2rem) * 3.682), 4.4rem);font-style:normal;font-weight:600;line-height:1.2\">Dieudonn\u00e9 Sana Wambeti<\/h3>\n<\/div>\n<\/div>\n\n\n\n<div class=\"wp-block-group alignwide has-global-padding is-layout-constrained wp-container-core-group-is-layout-f860ca59 wp-block-group-is-layout-constrained\" style=\"border-style:none;border-width:0px;min-height:0px;padding-top:4.3rem;padding-right:0;padding-bottom:4.3rem;padding-left:0\">\n<div class=\"wp-block-columns is-layout-flex wp-container-core-columns-is-layout-cc256689 wp-block-columns-is-layout-flex\" style=\"margin-top:0;margin-bottom:0;padding-right:0px;padding-left:0px\">\n<div class=\"wp-block-column is-vertically-aligned-center is-layout-flow wp-block-column-is-layout-flow\" style=\"padding-right:0rem;padding-left:0rem\">\n<figure class=\"wp-block-image aligncenter size-full is-resized\"><img loading=\"lazy\" decoding=\"async\" width=\"490\" height=\"653\" src=\"http:\/\/wambeti.com\/wp-content\/uploads\/2024\/06\/IMG_0016.jpg\" alt=\"\" class=\"wp-image-228\" style=\"width:530px;height:auto\" srcset=\"https:\/\/wambeti.com\/wp-content\/uploads\/2024\/06\/IMG_0016.jpg 490w, https:\/\/wambeti.com\/wp-content\/uploads\/2024\/06\/IMG_0016-225x300.jpg 225w\" sizes=\"auto, (max-width: 490px) 100vw, 490px\" \/><\/figure>\n<\/div>\n\n\n\n<div class=\"wp-block-column is-vertically-aligned-center is-layout-flow wp-block-column-is-layout-flow\" style=\"padding-right:1rem;padding-left:1rem\">\n<div class=\"wp-block-group has-global-padding is-layout-constrained wp-container-core-group-is-layout-aa979423 wp-block-group-is-layout-constrained\" style=\"padding-top:1rem;padding-right:1rem;padding-bottom:1rem;padding-left:1rem\">\n<h2 class=\"wp-block-heading\"><em>Un artiste en Centrafrique<\/em><\/h2>\n\n\n\n<p>Dieudonn\u00e9 Sana Wambeti est n\u00e9 en 1977 \u00e0 Begoua, en Centrafrique (RCA), immense pays enclav\u00e9 au c\u0153ur du continent noir.<\/p>\n\n\n\n<p>Wambeti est soucieux du devenir de son pays ador\u00e9, il nous parle de sa vie, de ses pr\u00e9occupations et projette dans ses toiles ses craintes et espoirs pour l\u2019avenir.<\/p>\n\n\n\n<p>Face aux d\u00e9vastations multiples dont le territoire fait l\u2019objet, il revendique un engagement \u00e9cologique fort et pour l\u00e9gitimer ses inqui\u00e9tudes, se r\u00e9f\u00e8re souvent aux paroles de ses anc\u00eatres.<\/p>\n\n\n\n<p>Cet h\u00e9ritage d\u2019un patrimoine oral s\u2019ins\u00e8re aux apparences na\u00efves mais fonci\u00e8rement po\u00e9tiques et \u00e9tonnement surr\u00e9alistes, complexit\u00e9 d\u2019un m\u00e9tissage artistique entre des traditions ancestrales et des visions sur la vie contemporaine, entre une expression plastique venue de la culture occidentale et des ressources imaginaires fond\u00e9es sur les transmissions orales des populations locales.<\/p>\n\n\n\n<p><span style=\"font-family: Ebrima; color: #002060;\">&nbsp;<\/span><\/p>\n<\/div>\n<\/div>\n<\/div>\n<\/div>\n\n\n\n<div class=\"wp-block-columns is-layout-flex wp-container-core-columns-is-layout-28f84493 wp-block-columns-is-layout-flex\">\n<div class=\"wp-block-column is-layout-flow wp-block-column-is-layout-flow\">\n<h2 class=\"wp-block-heading\"><em>Les obsessions du peintre<\/em><\/h2>\n\n\n\n<p>Wambeti utilise des images qui deviennent r\u00e9currentes dans ses tableaux.<\/p>\n\n\n\n<p>Dans une s\u00e9rie de toiles, il repr\u00e9sente des termites qui envahissent les espaces. Les consid\u00e9rations sur cet insecte sont ambivalentes car d\u2019une part il d\u00e9truit la nature sur son passage, mais d\u2019autre part, il ne s\u2019attaque qu\u2019aux bois morts. <\/p>\n\n\n\n<p>L\u2019artiste se sert de ces constatations pour illustrer dans un sens ou un autre les propos de sa peinture&nbsp;;<\/p>\n\n\n\n<p>Les feuillages, vari\u00e9s, lumineux et d&rsquo;une grande finesse constituent l&rsquo;ADN \u00e9cologique de Wambeti. Ses compositions se syst\u00e9matisent aussi avec un premier plan d\u2019herbes hautes et de semis de fleurs vari\u00e9es, puis en arri\u00e8re-plan la for\u00eat ou le village.<\/p>\n\n\n\n<p><\/p>\n<\/div>\n\n\n\n<div class=\"wp-block-column is-layout-flow wp-block-column-is-layout-flow\">\n<p>Wambeti y montre souvent la transition quand il ne met pas en sc\u00e8ne plus directement l\u2019opposition, entre les cases traditionnelles et les maisons modernes de la ville.<\/p>\n\n\n\n<p>Les v\u00eatements de feuillage port\u00e9s par ses personnages sont quasiment obsessionnels dans son \u0153uvre. Telle une armure v\u00e9g\u00e9tale, ils sont suppos\u00e9s prot\u00e9ger les personnes des termites qui ne s\u2019attaquent jamais \u00e0 l\u2019herbe ni aux feuilles fra\u00eeches.<\/p>\n\n\n\n<p>Parmi les autres figures que l\u2019artiste reprend d\u2019une toile \u00e0 l\u2019autre, on peut rep\u00e9rer ces trou\u00e9es dans les frondaisons des for\u00eats qui laissent apparaitre un coin de ciel bleu dans lequel un oiseau vole, symbole de spiritualit\u00e9. Parfois cette ouverture dans l\u2019\u00e9paisseur des feuillages prend la forme de la Centrafrique.<\/p>\n\n\n\n<p>Refuges de l\u2019\u00e2me des anc\u00eatres, les troncs d\u2019arbres creux sont des lieux d\u2019apparition de figures, de sc\u00e8nes de la vie traditionnelle.<\/p>\n\n\n\n<p>Enfin, le fleuve, probablement l\u2019Oubangui, qui serpente et alimente le pays.<\/p>\n<\/div>\n<\/div>\n","protected":false},"excerpt":{"rendered":"<p>Dieudonn\u00e9 Sana Wambeti Un artiste en Centrafrique Dieudonn\u00e9 Sana Wambeti est n\u00e9 en 1977 \u00e0 Begoua, en Centrafrique (RCA), immense pays enclav\u00e9 au c\u0153ur du continent noir. Wambeti est soucieux du devenir de son pays ador\u00e9, il nous parle de sa vie, de ses pr\u00e9occupations et projette dans ses toiles ses craintes et espoirs pour [&hellip;]<\/p>\n","protected":false},"author":1,"featured_media":0,"parent":0,"menu_order":0,"comment_status":"closed","ping_status":"closed","template":"","meta":{"footnotes":""},"class_list":["post-73","page","type-page","status-publish","hentry"],"_links":{"self":[{"href":"https:\/\/wambeti.com\/index.php\/wp-json\/wp\/v2\/pages\/73","targetHints":{"allow":["GET"]}}],"collection":[{"href":"https:\/\/wambeti.com\/index.php\/wp-json\/wp\/v2\/pages"}],"about":[{"href":"https:\/\/wambeti.com\/index.php\/wp-json\/wp\/v2\/types\/page"}],"author":[{"embeddable":true,"href":"https:\/\/wambeti.com\/index.php\/wp-json\/wp\/v2\/users\/1"}],"replies":[{"embeddable":true,"href":"https:\/\/wambeti.com\/index.php\/wp-json\/wp\/v2\/comments?post=73"}],"version-history":[{"count":12,"href":"https:\/\/wambeti.com\/index.php\/wp-json\/wp\/v2\/pages\/73\/revisions"}],"predecessor-version":[{"id":242,"href":"https:\/\/wambeti.com\/index.php\/wp-json\/wp\/v2\/pages\/73\/revisions\/242"}],"wp:attachment":[{"href":"https:\/\/wambeti.com\/index.php\/wp-json\/wp\/v2\/media?parent=73"}],"curies":[{"name":"wp","href":"https:\/\/api.w.org\/{rel}","templated":true}]}}