{"id":70,"date":"2024-06-10T14:18:43","date_gmt":"2024-06-10T12:18:43","guid":{"rendered":"https:\/\/wambeti.com\/?page_id=70"},"modified":"2024-06-15T23:07:53","modified_gmt":"2024-06-15T21:07:53","slug":"accueil","status":"publish","type":"page","link":"https:\/\/wambeti.com\/","title":{"rendered":"Accueil"},"content":{"rendered":"\n<div class=\"wp-block-group alignfull has-global-padding is-layout-constrained wp-container-core-group-is-layout-2b810489 wp-block-group-is-layout-constrained\" style=\"padding-top:3rem\">\n<div class=\"wp-block-group has-global-padding is-layout-constrained wp-container-core-group-is-layout-d51288b8 wp-block-group-is-layout-constrained\">\n<h4 class=\"wp-block-heading has-text-align-center has-text-color\" style=\"color:#1f1f1f;margin-bottom:0rem;font-size:clamp(0.875rem, 0.875rem + ((1vw - 0.2rem) * 0.591), 1.2rem);font-style:normal;font-weight:600;line-height:1.2;text-transform:uppercase\">A la d\u00e9couverte d&rsquo;un artiste centrafricain<\/h4>\n\n\n\n<h3 class=\"wp-block-heading has-text-align-center has-text-color\" style=\"color:#1f1f1f;margin-bottom:0rem;font-size:clamp(2.375rem, 2.375rem + ((1vw - 0.2rem) * 3.682), 4.4rem);font-style:normal;font-weight:600;line-height:1.2\">Dieudonn\u00e9 Sana Wambeti<\/h3>\n\n\n\n<div class=\"wp-block-buttons is-content-justification-center is-layout-flex wp-container-core-buttons-is-layout-dd6549c1 wp-block-buttons-is-layout-flex\" style=\"margin-top:2.01rem;margin-bottom:0\">\n<div class=\"wp-block-button has-custom-font-size is-style-outline is-style-outline--1\" style=\"font-size:clamp(0.875em, 0.875rem + ((1vw - 0.2em) * 0.245), 1.01em);text-transform:uppercase\"><a class=\"wp-block-button__link has-text-color has-background has-border-color wp-element-button\" href=\"https:\/\/wambeti.com\/index.php\/portfolio\/\" style=\"border-color:#0e0e0e;border-width:1px;border-radius:30px;color:#1f1f1f;background-color:#fffffd;padding-top:0.8em;padding-right:3.2rem;padding-bottom:0.8em;padding-left:3.2rem\">decouvrez L&rsquo;oeuvre<\/a><\/div>\n<\/div>\n<\/div>\n\n\n\n<div class=\"wp-block-columns alignfull is-layout-flex wp-container-core-columns-is-layout-65fc320f wp-block-columns-is-layout-flex\" style=\"padding-top:3rem\">\n<div class=\"wp-block-column is-layout-flow wp-block-column-is-layout-flow\" style=\"padding-top:1rem;padding-right:0.5em;padding-bottom:1rem;padding-left:0.5em\">\n<figure class=\"wp-block-image aligncenter size-full\"><img loading=\"lazy\" decoding=\"async\" width=\"1920\" height=\"2560\" src=\"http:\/\/wambeti.com\/wp-content\/uploads\/2024\/06\/IMG_6551-scaled.jpeg\" alt=\"\" class=\"wp-image-26\" srcset=\"https:\/\/wambeti.com\/wp-content\/uploads\/2024\/06\/IMG_6551-scaled.jpeg 1920w, https:\/\/wambeti.com\/wp-content\/uploads\/2024\/06\/IMG_6551-225x300.jpeg 225w, https:\/\/wambeti.com\/wp-content\/uploads\/2024\/06\/IMG_6551-768x1024.jpeg 768w, https:\/\/wambeti.com\/wp-content\/uploads\/2024\/06\/IMG_6551-1152x1536.jpeg 1152w, https:\/\/wambeti.com\/wp-content\/uploads\/2024\/06\/IMG_6551-1536x2048.jpeg 1536w\" sizes=\"auto, (max-width: 1920px) 100vw, 1920px\" \/><\/figure>\n<\/div>\n\n\n\n<div class=\"wp-block-column is-layout-flow wp-block-column-is-layout-flow\" style=\"padding-top:1rem;padding-right:0.5rem;padding-bottom:1rem;padding-left:0.5rem\">\n<figure class=\"wp-block-image aligncenter size-full has-custom-border is-style-rounded\"><img loading=\"lazy\" decoding=\"async\" width=\"1200\" height=\"1600\" src=\"http:\/\/wambeti.com\/wp-content\/uploads\/2024\/06\/wambeti-c.jpg\" alt=\"\" class=\"wp-image-42\" style=\"border-radius:0px\" srcset=\"https:\/\/wambeti.com\/wp-content\/uploads\/2024\/06\/wambeti-c.jpg 1200w, https:\/\/wambeti.com\/wp-content\/uploads\/2024\/06\/wambeti-c-225x300.jpg 225w, https:\/\/wambeti.com\/wp-content\/uploads\/2024\/06\/wambeti-c-768x1024.jpg 768w, https:\/\/wambeti.com\/wp-content\/uploads\/2024\/06\/wambeti-c-1152x1536.jpg 1152w\" sizes=\"auto, (max-width: 1200px) 100vw, 1200px\" \/><\/figure>\n<\/div>\n\n\n\n<div class=\"wp-block-column is-layout-flow wp-block-column-is-layout-flow\" style=\"padding-top:1rem;padding-right:0.5rem;padding-bottom:1rem;padding-left:0.5rem\">\n<figure class=\"wp-block-image aligncenter size-full\"><img loading=\"lazy\" decoding=\"async\" width=\"1920\" height=\"2560\" src=\"http:\/\/wambeti.com\/wp-content\/uploads\/2024\/06\/IMG_6550-scaled.jpeg\" alt=\"\" class=\"wp-image-25\" srcset=\"https:\/\/wambeti.com\/wp-content\/uploads\/2024\/06\/IMG_6550-scaled.jpeg 1920w, https:\/\/wambeti.com\/wp-content\/uploads\/2024\/06\/IMG_6550-225x300.jpeg 225w, https:\/\/wambeti.com\/wp-content\/uploads\/2024\/06\/IMG_6550-768x1024.jpeg 768w, https:\/\/wambeti.com\/wp-content\/uploads\/2024\/06\/IMG_6550-1152x1536.jpeg 1152w, https:\/\/wambeti.com\/wp-content\/uploads\/2024\/06\/IMG_6550-1536x2048.jpeg 1536w\" sizes=\"auto, (max-width: 1920px) 100vw, 1920px\" \/><\/figure>\n<\/div>\n\n\n\n<div class=\"wp-block-column is-layout-flow wp-block-column-is-layout-flow\" style=\"padding-top:1rem;padding-right:0.5rem;padding-bottom:1rem;padding-left:0.5rem\">\n<figure class=\"wp-block-image aligncenter size-full\"><img loading=\"lazy\" decoding=\"async\" width=\"1200\" height=\"1600\" src=\"http:\/\/wambeti.com\/wp-content\/uploads\/2024\/06\/wambeti-b.jpg\" alt=\"\" class=\"wp-image-41\" srcset=\"https:\/\/wambeti.com\/wp-content\/uploads\/2024\/06\/wambeti-b.jpg 1200w, https:\/\/wambeti.com\/wp-content\/uploads\/2024\/06\/wambeti-b-225x300.jpg 225w, https:\/\/wambeti.com\/wp-content\/uploads\/2024\/06\/wambeti-b-768x1024.jpg 768w, https:\/\/wambeti.com\/wp-content\/uploads\/2024\/06\/wambeti-b-1152x1536.jpg 1152w\" sizes=\"auto, (max-width: 1200px) 100vw, 1200px\" \/><\/figure>\n<\/div>\n<\/div>\n<\/div>\n\n\n\n<div class=\"wp-block-group alignwide has-global-padding is-layout-constrained wp-container-core-group-is-layout-f860ca59 wp-block-group-is-layout-constrained\" style=\"border-style:none;border-width:0px;min-height:0px;padding-top:4.3rem;padding-right:0;padding-bottom:4.3rem;padding-left:0\">\n<div class=\"wp-block-columns is-layout-flex wp-container-core-columns-is-layout-0debf45c wp-block-columns-is-layout-flex\" style=\"margin-top:0;margin-bottom:0;padding-right:0;padding-left:0\">\n<div class=\"wp-block-column is-vertically-aligned-center is-layout-flow wp-block-column-is-layout-flow\" style=\"padding-right:1rem;padding-left:1rem;flex-basis:45%\">\n<figure class=\"wp-block-image aligncenter size-full is-resized\"><img loading=\"lazy\" decoding=\"async\" width=\"1024\" height=\"768\" src=\"http:\/\/wambeti.com\/wp-content\/uploads\/2024\/06\/wambeti-a.jpg\" alt=\"\" class=\"wp-image-40\" style=\"width:569px;height:auto\" srcset=\"https:\/\/wambeti.com\/wp-content\/uploads\/2024\/06\/wambeti-a.jpg 1024w, https:\/\/wambeti.com\/wp-content\/uploads\/2024\/06\/wambeti-a-300x225.jpg 300w, https:\/\/wambeti.com\/wp-content\/uploads\/2024\/06\/wambeti-a-768x576.jpg 768w\" sizes=\"auto, (max-width: 1024px) 100vw, 1024px\" \/><\/figure>\n<\/div>\n\n\n\n<div class=\"wp-block-column is-layout-flow wp-block-column-is-layout-flow\" style=\"padding-right:1rem;padding-left:1rem\">\n<div class=\"wp-block-group has-global-padding is-layout-constrained wp-container-core-group-is-layout-aa979423 wp-block-group-is-layout-constrained\" style=\"padding-top:1rem;padding-right:1rem;padding-bottom:1rem;padding-left:1rem\">\n<h3 class=\"wp-block-heading has-text-align-left has-text-color has-link-color wp-elements-fa32b4c8111fa7cba6b4354df6529f35\" style=\"color:#1f1f1f;font-size:clamp(1.976rem, 1.976rem + ((1vw - 0.2rem) * 2.771), 3.5rem);font-style:normal;font-weight:400\"><em>Rencontre avec l&rsquo;artiste<\/em><\/h3>\n\n\n\n<p class=\"has-text-color has-link-color wp-elements-9112c22fcebc80bf975b96b6f1b501f5\" style=\"color:#1f1f1f;font-size:clamp(14px, 0.875rem + ((1vw - 3.2px) * 0.455), 18px);\">Entrez dans le monde d&rsquo;un peintre africain exceptionnel dont les coups de pinceau captivants et les couleurs vibrantes donnent vie sur la toile \u00e0 la beaut\u00e9 et au riche patrimoine culturel de l&rsquo;Afrique centrale. Avec une profonde passion pour la narration \u00e0 travers l&rsquo;art, l&rsquo;artiste s&rsquo;inspire des divers paysages, traditions et peuples d&rsquo;Afrique, insufflant \u00e0 chaque pi\u00e8ce un m\u00e9lange unique de tradition et de modernit\u00e9. Des paysages \u00e0 couper le souffle aux portraits puissants, chaque tableau est le reflet du lien profond de l&rsquo;artiste avec ses racines et de son engagement in\u00e9branlable \u00e0 c\u00e9l\u00e9brer l&rsquo;esprit de l&rsquo;Afrique.<\/p>\n<\/div>\n<\/div>\n<\/div>\n<\/div>\n\n\n\n<blockquote class=\"wp-block-quote has-prata-regular-font-family has-large-font-size is-layout-flow wp-block-quote-is-layout-flow\">\n<p><em><strong><em>\u00ab mon ma\u00eetre me recherchait et disait que je n\u2019\u00e9tais pas fait pour \u00eatre marchand<\/em><\/strong><\/em><strong><em> <\/em><\/strong><strong><em>\u00bb<\/em><\/strong><\/p>\n<cite>Dieudonn\u00e9 Sana Wambeti<\/cite><\/blockquote>\n\n\n\n<div class=\"wp-block-cover alignfull is-light\" style=\"min-height:500px;aspect-ratio:unset;\"><span aria-hidden=\"true\" class=\"wp-block-cover__background has-background-dim-0 has-background-dim\" style=\"background-color:#FFF\"><\/span><img loading=\"lazy\" decoding=\"async\" width=\"1080\" height=\"878\" class=\"wp-block-cover__image-background wp-image-43\" alt=\"\" src=\"http:\/\/wambeti.com\/wp-content\/uploads\/2024\/06\/wambeti-d.jpg\" data-object-fit=\"cover\" srcset=\"https:\/\/wambeti.com\/wp-content\/uploads\/2024\/06\/wambeti-d.jpg 1080w, https:\/\/wambeti.com\/wp-content\/uploads\/2024\/06\/wambeti-d-300x244.jpg 300w, https:\/\/wambeti.com\/wp-content\/uploads\/2024\/06\/wambeti-d-1024x832.jpg 1024w, https:\/\/wambeti.com\/wp-content\/uploads\/2024\/06\/wambeti-d-768x624.jpg 768w\" sizes=\"auto, (max-width: 1080px) 100vw, 1080px\" \/><div class=\"wp-block-cover__inner-container is-layout-flow wp-block-cover-is-layout-flow\">\n<div class=\"wp-block-group is-layout-flow wp-block-group-is-layout-flow\"><\/div>\n<\/div><\/div>\n\n\n\n<section class=\"wp-block-group alignfull has-text-color has-global-padding is-layout-constrained wp-container-core-group-is-layout-da35ccb6 wp-block-group-is-layout-constrained\" style=\"border-style:none;border-width:0px;color:#3e3e3e;margin-top:0px;padding-top:4rem;padding-right:1rem;padding-bottom:6rem;padding-left:1rem;font-size:clamp(0.875rem, 0.875rem + ((1vw - 0.2rem) * 0.464), 1.13rem);font-style:normal;font-weight:400;line-height:1.4\">\n<div class=\"wp-block-columns is-layout-flex wp-container-core-columns-is-layout-d1fa6184 wp-block-columns-is-layout-flex\" style=\"padding-top:2rem;padding-right:0px;padding-bottom:0;padding-left:0px\">\n<div class=\"wp-block-column is-layout-flow wp-block-column-is-layout-flow\" style=\"padding-top:1rem;padding-bottom:1rem\">\n<div class=\"wp-block-group has-global-padding is-layout-constrained wp-container-core-group-is-layout-287b5a18 wp-block-group-is-layout-constrained\">\n<figure class=\"wp-block-image aligncenter size-full\"><img loading=\"lazy\" decoding=\"async\" width=\"1911\" height=\"2560\" src=\"http:\/\/wambeti.com\/wp-content\/uploads\/2024\/06\/IMG_6538-scaled.jpg\" alt=\"\" class=\"wp-image-239\" style=\"aspect-ratio:3\/4;object-fit:cover\" srcset=\"https:\/\/wambeti.com\/wp-content\/uploads\/2024\/06\/IMG_6538-scaled.jpg 1911w, https:\/\/wambeti.com\/wp-content\/uploads\/2024\/06\/IMG_6538-224x300.jpg 224w, https:\/\/wambeti.com\/wp-content\/uploads\/2024\/06\/IMG_6538-764x1024.jpg 764w, https:\/\/wambeti.com\/wp-content\/uploads\/2024\/06\/IMG_6538-768x1029.jpg 768w, https:\/\/wambeti.com\/wp-content\/uploads\/2024\/06\/IMG_6538-1147x1536.jpg 1147w, https:\/\/wambeti.com\/wp-content\/uploads\/2024\/06\/IMG_6538-1529x2048.jpg 1529w\" sizes=\"auto, (max-width: 1911px) 100vw, 1911px\" \/><\/figure>\n\n\n\n<h4 class=\"wp-block-heading has-text-align-center has-text-color has-link-color wp-elements-a247eb1495919300009ae37407af5c9e\" style=\"color:#3e3e3e;font-size:clamp(0.984rem, 0.984rem + ((1vw - 0.2rem) * 0.938), 1.5rem);font-style:normal;font-weight:400;text-decoration:none;text-transform:uppercase\"><\/h4>\n<\/div>\n<\/div>\n\n\n\n<div class=\"wp-block-column is-layout-flow wp-block-column-is-layout-flow\" style=\"padding-top:1rem;padding-bottom:1rem\">\n<div class=\"wp-block-group has-global-padding is-layout-constrained wp-container-core-group-is-layout-287b5a18 wp-block-group-is-layout-constrained\">\n<figure class=\"wp-block-image aligncenter size-full\"><img loading=\"lazy\" decoding=\"async\" width=\"1920\" height=\"2560\" src=\"http:\/\/wambeti.com\/wp-content\/uploads\/2024\/06\/IMG_6561-scaled.jpeg\" alt=\"\" class=\"wp-image-32\" style=\"aspect-ratio:3\/4;object-fit:cover\" srcset=\"https:\/\/wambeti.com\/wp-content\/uploads\/2024\/06\/IMG_6561-scaled.jpeg 1920w, https:\/\/wambeti.com\/wp-content\/uploads\/2024\/06\/IMG_6561-225x300.jpeg 225w, https:\/\/wambeti.com\/wp-content\/uploads\/2024\/06\/IMG_6561-768x1024.jpeg 768w, https:\/\/wambeti.com\/wp-content\/uploads\/2024\/06\/IMG_6561-1152x1536.jpeg 1152w, https:\/\/wambeti.com\/wp-content\/uploads\/2024\/06\/IMG_6561-1536x2048.jpeg 1536w\" sizes=\"auto, (max-width: 1920px) 100vw, 1920px\" \/><\/figure>\n\n\n\n<h4 class=\"wp-block-heading has-text-align-center has-text-color has-link-color wp-elements-a247eb1495919300009ae37407af5c9e\" style=\"color:#3e3e3e;font-size:clamp(0.984rem, 0.984rem + ((1vw - 0.2rem) * 0.938), 1.5rem);font-style:normal;font-weight:400;text-decoration:none;text-transform:uppercase\"><\/h4>\n<\/div>\n<\/div>\n\n\n\n<div class=\"wp-block-column is-layout-flow wp-block-column-is-layout-flow\" style=\"padding-top:1rem;padding-bottom:1rem\">\n<div class=\"wp-block-group has-global-padding is-layout-constrained wp-container-core-group-is-layout-287b5a18 wp-block-group-is-layout-constrained\">\n<figure class=\"wp-block-image aligncenter size-full\"><img loading=\"lazy\" decoding=\"async\" width=\"1920\" height=\"2560\" src=\"http:\/\/wambeti.com\/wp-content\/uploads\/2024\/06\/IMG_6564-scaled.jpeg\" alt=\"\" class=\"wp-image-35\" style=\"aspect-ratio:3\/4;object-fit:cover\" srcset=\"https:\/\/wambeti.com\/wp-content\/uploads\/2024\/06\/IMG_6564-scaled.jpeg 1920w, https:\/\/wambeti.com\/wp-content\/uploads\/2024\/06\/IMG_6564-225x300.jpeg 225w, https:\/\/wambeti.com\/wp-content\/uploads\/2024\/06\/IMG_6564-768x1024.jpeg 768w, https:\/\/wambeti.com\/wp-content\/uploads\/2024\/06\/IMG_6564-1152x1536.jpeg 1152w, https:\/\/wambeti.com\/wp-content\/uploads\/2024\/06\/IMG_6564-1536x2048.jpeg 1536w\" sizes=\"auto, (max-width: 1920px) 100vw, 1920px\" \/><\/figure>\n\n\n\n<h4 class=\"wp-block-heading has-text-align-center has-text-color has-link-color wp-elements-a247eb1495919300009ae37407af5c9e\" style=\"color:#3e3e3e;font-size:clamp(0.984rem, 0.984rem + ((1vw - 0.2rem) * 0.938), 1.5rem);font-style:normal;font-weight:400;text-decoration:none;text-transform:uppercase\"><\/h4>\n<\/div>\n<\/div>\n<\/div>\n\n\n\n<blockquote class=\"wp-block-quote has-prata-regular-font-family has-large-font-size is-layout-flow wp-block-quote-is-layout-flow\">\n<p><strong><em>\u00ab&nbsp;G\u00e9rard Battreau est venu me chercher jusqu\u2019\u00e0 mon domicile. Il avait \u00e9t\u00e9 touch\u00e9 par l\u2019un de mes tableaux et m\u2019a amen\u00e9 \u00e0 participer \u00e0 ma toute premi\u00e8re exposition \u00e0 Bangui. <\/em><\/strong><strong><em>Avec Michel Ouabanga, c\u2019est l\u2019autre personne cl\u00e9 dans le lancement de ma carri\u00e8re&nbsp;\u00bb<\/em><\/strong><\/p>\n<cite>Dieudonn\u00e9 Sana Wambeti<\/cite><\/blockquote>\n<\/section>\n\n\n\n<div class=\"wp-block-cover alignfull is-light\" style=\"padding-top:7rem;padding-bottom:8rem;min-height:50px;aspect-ratio:unset;\"><span aria-hidden=\"true\" class=\"wp-block-cover__background has-black-background-color has-background-dim-20 has-background-dim\"><\/span><img loading=\"lazy\" decoding=\"async\" width=\"1920\" height=\"2560\" class=\"wp-block-cover__image-background wp-image-33\" alt=\"\" src=\"http:\/\/wambeti.com\/wp-content\/uploads\/2024\/06\/IMG_6562-scaled.jpeg\" data-object-fit=\"cover\" srcset=\"https:\/\/wambeti.com\/wp-content\/uploads\/2024\/06\/IMG_6562-scaled.jpeg 1920w, https:\/\/wambeti.com\/wp-content\/uploads\/2024\/06\/IMG_6562-225x300.jpeg 225w, https:\/\/wambeti.com\/wp-content\/uploads\/2024\/06\/IMG_6562-768x1024.jpeg 768w, https:\/\/wambeti.com\/wp-content\/uploads\/2024\/06\/IMG_6562-1152x1536.jpeg 1152w, https:\/\/wambeti.com\/wp-content\/uploads\/2024\/06\/IMG_6562-1536x2048.jpeg 1536w\" sizes=\"auto, (max-width: 1920px) 100vw, 1920px\" \/><div class=\"wp-block-cover__inner-container has-global-padding is-layout-constrained wp-block-cover-is-layout-constrained\">\n<div class=\"wp-block-buttons is-content-justification-center is-layout-flex wp-container-core-buttons-is-layout-30cd9e87 wp-block-buttons-is-layout-flex\" style=\"margin-top:2.5rem;margin-bottom:0\">\n<div class=\"wp-block-button has-custom-font-size is-style-outline is-style-outline--2\" style=\"font-size:clamp(0.875em, 0.875rem + ((1vw - 0.2em) * 0.245), 1.01em);text-transform:uppercase\"><a class=\"wp-block-button__link has-text-color has-background has-border-color wp-element-button\" href=\"https:\/\/wambeti.com\/index.php\/contacts\/\" style=\"border-color:#0e0e0e;border-width:1px;border-radius:30px;color:#1f1f1f;background-color:#fffffd;padding-top:0.8em;padding-right:3.2rem;padding-bottom:0.8em;padding-left:3.2rem\">Contactez nous<\/a><\/div>\n<\/div>\n<\/div><\/div>\n","protected":false},"excerpt":{"rendered":"<p>A la d\u00e9couverte d&rsquo;un artiste centrafricain Dieudonn\u00e9 Sana Wambeti Rencontre avec l&rsquo;artiste Entrez dans le monde d&rsquo;un peintre africain exceptionnel dont les coups de pinceau captivants et les couleurs vibrantes donnent vie sur la toile \u00e0 la beaut\u00e9 et au riche patrimoine culturel de l&rsquo;Afrique centrale. Avec une profonde passion pour la narration \u00e0 travers [&hellip;]<\/p>\n","protected":false},"author":1,"featured_media":0,"parent":0,"menu_order":0,"comment_status":"closed","ping_status":"closed","template":"","meta":{"footnotes":""},"class_list":["post-70","page","type-page","status-publish","hentry"],"_links":{"self":[{"href":"https:\/\/wambeti.com\/index.php\/wp-json\/wp\/v2\/pages\/70","targetHints":{"allow":["GET"]}}],"collection":[{"href":"https:\/\/wambeti.com\/index.php\/wp-json\/wp\/v2\/pages"}],"about":[{"href":"https:\/\/wambeti.com\/index.php\/wp-json\/wp\/v2\/types\/page"}],"author":[{"embeddable":true,"href":"https:\/\/wambeti.com\/index.php\/wp-json\/wp\/v2\/users\/1"}],"replies":[{"embeddable":true,"href":"https:\/\/wambeti.com\/index.php\/wp-json\/wp\/v2\/comments?post=70"}],"version-history":[{"count":29,"href":"https:\/\/wambeti.com\/index.php\/wp-json\/wp\/v2\/pages\/70\/revisions"}],"predecessor-version":[{"id":240,"href":"https:\/\/wambeti.com\/index.php\/wp-json\/wp\/v2\/pages\/70\/revisions\/240"}],"wp:attachment":[{"href":"https:\/\/wambeti.com\/index.php\/wp-json\/wp\/v2\/media?parent=70"}],"curies":[{"name":"wp","href":"https:\/\/api.w.org\/{rel}","templated":true}]}}